{"id":347,"date":"2020-11-03T17:24:40","date_gmt":"2020-11-03T17:24:40","guid":{"rendered":"https:\/\/agenciaunicom.com.br\/blog\/?page_id=347"},"modified":"2020-11-04T13:04:31","modified_gmt":"2020-11-04T13:04:31","slug":"postsite","status":"publish","type":"page","link":"https:\/\/agenciaunicom.com.br\/blog\/postsite\/","title":{"rendered":"PostSIte"},"content":{"rendered":"<div  class=\"ultp-post-grid-block wp-block-ultimate-post-post-grid-1 ultp-block-11d474\"><div class=\"ultp-block-wrapper\"><div class=\"ultp-loading\"><div class=\"ultp-loading-blocks\" style=\"width:100%;height:100%;\"><div style=\"left: 0;top: 0;animation-delay:0s;\"><\/div><div style=\"left: 21px;top: 0;animation-delay:0.125s;\"><\/div><div style=\"left: 42px;top: 0;animation-delay:0.25s;\"><\/div><div style=\"left: 0;top: 21px;animation-delay:0.875s;\"><\/div><div style=\"left: 42px;top: 21px;animation-delay:0.375s;\"><\/div><div style=\"left: 0;top: 42px;animation-delay:0.75s;\"><\/div><div style=\"left: 42px;top: 42px;animation-delay:0.625s;\"><\/div><div style=\"left: 21px;top: 42px;animation-delay:0.5s;\"><\/div><\/div><\/div><div class=\"ultp-block-items-wrap ultp-block-row ultp-pg1a-style1 ultp-grid1-responsive ultp-block-column-3 1 1 ultp-layout1\"><div class=\"ultp-block-item post-id-1514\"><div class=\"ultp-block-content-wrap\"><div class=\"ultp-block-image ultp-block-image-zoomIn\"><a href=\"https:\/\/agenciaunicom.com.br\/blog\/deso-leva-servicos-a-71a-edicao-do-sergipe-e-aqui-em-itabaiana\/\" target=\"_blank\"><img decoding=\"async\"  class=\"ultp-block-image-content\"  alt=\"Deso leva servi\u00e7os \u00e0 71\u00aa edi\u00e7\u00e3o do \u2018Sergipe \u00e9 Aqui\u2019 em Itabaiana\"  src=\"https:\/\/agenciaunicom.com.br\/blog\/wp-content\/uploads\/2026\/05\/foto-informe-2_deso-abr-870x570.jpeg\" \/><\/a><\/div><div class=\"ultp-block-content\"><h3 class=\"ultp-block-title \"><a href=\"https:\/\/agenciaunicom.com.br\/blog\/deso-leva-servicos-a-71a-edicao-do-sergipe-e-aqui-em-itabaiana\/\" target=\"_blank\">Deso leva servi\u00e7os \u00e0 71\u00aa edi\u00e7\u00e3o do \u2018Sergipe \u00e9 Aqui\u2019 em Itabaiana<\/a><\/h3><div class=\"ultp-block-excerpt\"><p>Companhia levou a\u00e7\u00f5es de educa\u00e7\u00e3o ambiental, incentivo \u00e0 leitura e distribui\u00e7\u00e3o de \u00e1gua para a popula\u00e7\u00e3o A Companhia&hellip;<\/p>\n<\/div><div class=\"ultp-block-readmore\"><a aria-label=\"Deso leva servi\u00e7os \u00e0 71\u00aa edi\u00e7\u00e3o do \u2018Sergipe \u00e9 Aqui\u2019 em Itabaiana\" href=\"https:\/\/agenciaunicom.com.br\/blog\/deso-leva-servicos-a-71a-edicao-do-sergipe-e-aqui-em-itabaiana\/\" target=\"_blank\">Saiba mais<svg xmlns=\"http:\/\/www.w3.org\/2000\/svg\" fill=\"none\" viewBox=\"0 0 24 24\">\n  <path stroke=\"currentColor\" stroke-linecap=\"round\" stroke-linejoin=\"round\" stroke-width=\"1.5\" d=\"m12 20.5 8.5-8.5m0 0L12 3.5m8.5 8.5h-17\"\/>\n<\/svg>\n<\/a><\/div><\/div><\/div><\/div><div class=\"ultp-block-item post-id-1511\"><div class=\"ultp-block-content-wrap\"><div class=\"ultp-block-image ultp-block-image-zoomIn\"><a href=\"https:\/\/agenciaunicom.com.br\/blog\/deso-amplia-producao-de-agua-no-sistema-ibura-com-reconfiguracao-operacional-e-ganho-de-eficiencia\/\" target=\"_blank\"><img decoding=\"async\"  class=\"ultp-block-image-content\"  alt=\"Deso amplia produ\u00e7\u00e3o de \u00e1gua no sistema Ibura com reconfigura\u00e7\u00e3o operacional e ganho de efici\u00eancia\"  src=\"https:\/\/agenciaunicom.com.br\/blog\/wp-content\/uploads\/2026\/05\/foto-informe-1_deso-abr-870x570.jpeg\" \/><\/a><\/div><div class=\"ultp-block-content\"><h3 class=\"ultp-block-title \"><a href=\"https:\/\/agenciaunicom.com.br\/blog\/deso-amplia-producao-de-agua-no-sistema-ibura-com-reconfiguracao-operacional-e-ganho-de-eficiencia\/\" target=\"_blank\">Deso amplia produ\u00e7\u00e3o de \u00e1gua no sistema Ibura com reconfigura\u00e7\u00e3o operacional e ganho de efici\u00eancia<\/a><\/h3><div class=\"ultp-block-excerpt\"><p>Interven\u00e7\u00f5es t\u00e9cnicas elevam vaz\u00e3o, reduzem consumo de energia e garantem maior seguran\u00e7a h\u00eddrica para Nossa Senhora do Socorro&hellip;<\/p>\n<\/div><div class=\"ultp-block-readmore\"><a aria-label=\"Deso amplia produ\u00e7\u00e3o de \u00e1gua no sistema Ibura com reconfigura\u00e7\u00e3o operacional e ganho de efici\u00eancia\" href=\"https:\/\/agenciaunicom.com.br\/blog\/deso-amplia-producao-de-agua-no-sistema-ibura-com-reconfiguracao-operacional-e-ganho-de-eficiencia\/\" target=\"_blank\">Saiba mais<svg xmlns=\"http:\/\/www.w3.org\/2000\/svg\" fill=\"none\" viewBox=\"0 0 24 24\">\n  <path stroke=\"currentColor\" stroke-linecap=\"round\" stroke-linejoin=\"round\" stroke-width=\"1.5\" d=\"m12 20.5 8.5-8.5m0 0L12 3.5m8.5 8.5h-17\"\/>\n<\/svg>\n<\/a><\/div><\/div><\/div><\/div><div class=\"ultp-block-item post-id-1507\"><div class=\"ultp-block-content-wrap\"><div class=\"ultp-block-image ultp-block-image-zoomIn\"><a href=\"https:\/\/agenciaunicom.com.br\/blog\/deso-e-destaque-nacional-em-engajamento-digital-no-ranking-social-media-gov\/\" target=\"_blank\"><img decoding=\"async\"  class=\"ultp-block-image-content\"  alt=\"Deso \u00e9 destaque nacional em engajamento digital no ranking Social MedIA Gov\"  src=\"https:\/\/agenciaunicom.com.br\/blog\/wp-content\/uploads\/2026\/03\/foto-deso-informe-2-mar-870x570.jpeg\" \/><\/a><\/div><div class=\"ultp-block-content\"><h3 class=\"ultp-block-title \"><a href=\"https:\/\/agenciaunicom.com.br\/blog\/deso-e-destaque-nacional-em-engajamento-digital-no-ranking-social-media-gov\/\" target=\"_blank\">Deso \u00e9 destaque nacional em engajamento digital no ranking Social MedIA Gov<\/a><\/h3><div class=\"ultp-block-excerpt\"><p>Companhia sergipana figura entre as dez institui\u00e7\u00f5es com melhor desempenho em intera\u00e7\u00e3o digital no Brasil. A Companhia de&hellip;<\/p>\n<\/div><div class=\"ultp-block-readmore\"><a aria-label=\"Deso \u00e9 destaque nacional em engajamento digital no ranking Social MedIA Gov\" href=\"https:\/\/agenciaunicom.com.br\/blog\/deso-e-destaque-nacional-em-engajamento-digital-no-ranking-social-media-gov\/\" target=\"_blank\">Saiba mais<svg xmlns=\"http:\/\/www.w3.org\/2000\/svg\" fill=\"none\" viewBox=\"0 0 24 24\">\n  <path stroke=\"currentColor\" stroke-linecap=\"round\" stroke-linejoin=\"round\" stroke-width=\"1.5\" d=\"m12 20.5 8.5-8.5m0 0L12 3.5m8.5 8.5h-17\"\/>\n<\/svg>\n<\/a><\/div><\/div><\/div><\/div><div class=\"ultp-block-item post-id-1503\"><div class=\"ultp-block-content-wrap\"><div class=\"ultp-block-image ultp-block-image-zoomIn\"><a href=\"https:\/\/agenciaunicom.com.br\/blog\/deso-participa-da-68a-edicao-do-programa-sergipe-e-aqui-em-santa-luzia-do-itanhy\/\" target=\"_blank\"><img decoding=\"async\"  class=\"ultp-block-image-content\"  alt=\"Deso participa da 68\u00aa edi\u00e7\u00e3o do programa Sergipe \u00e9 aqui em Santa Luzia do Itanhy\"  src=\"https:\/\/agenciaunicom.com.br\/blog\/wp-content\/uploads\/2026\/03\/foto-deso-informe-1-mar-870x570.jpeg\" \/><\/a><\/div><div class=\"ultp-block-content\"><h3 class=\"ultp-block-title \"><a href=\"https:\/\/agenciaunicom.com.br\/blog\/deso-participa-da-68a-edicao-do-programa-sergipe-e-aqui-em-santa-luzia-do-itanhy\/\" target=\"_blank\">Deso participa da 68\u00aa edi\u00e7\u00e3o do programa Sergipe \u00e9 aqui em Santa Luzia do Itanhy<\/a><\/h3><div class=\"ultp-block-excerpt\"><p>Companhia levou a\u00e7\u00f5es de educa\u00e7\u00e3o ambiental, incentivo \u00e0 leitura e distribui\u00e7\u00e3o de \u00e1gua para a popula\u00e7\u00e3o A Companhia&hellip;<\/p>\n<\/div><div class=\"ultp-block-readmore\"><a aria-label=\"Deso participa da 68\u00aa edi\u00e7\u00e3o do programa Sergipe \u00e9 aqui em Santa Luzia do Itanhy\" href=\"https:\/\/agenciaunicom.com.br\/blog\/deso-participa-da-68a-edicao-do-programa-sergipe-e-aqui-em-santa-luzia-do-itanhy\/\" target=\"_blank\">Saiba mais<svg xmlns=\"http:\/\/www.w3.org\/2000\/svg\" fill=\"none\" viewBox=\"0 0 24 24\">\n  <path stroke=\"currentColor\" stroke-linecap=\"round\" stroke-linejoin=\"round\" stroke-width=\"1.5\" d=\"m12 20.5 8.5-8.5m0 0L12 3.5m8.5 8.5h-17\"\/>\n<\/svg>\n<\/a><\/div><\/div><\/div><\/div><div class=\"ultp-block-item post-id-1499\"><div class=\"ultp-block-content-wrap\"><div class=\"ultp-block-image ultp-block-image-zoomIn\"><a href=\"https:\/\/agenciaunicom.com.br\/blog\/deso-reforcou-sistema-de-producao-de-agua-em-pirambu-e-garantiu-seguranca-hidrica-no-carnaval\/\" target=\"_blank\"><img decoding=\"async\"  class=\"ultp-block-image-content\"  alt=\"Deso refor\u00e7ou sistema de produ\u00e7\u00e3o de \u00e1gua em Pirambu e garantiu seguran\u00e7a h\u00eddrica no Carnaval\"  src=\"https:\/\/agenciaunicom.com.br\/blog\/wp-content\/uploads\/2026\/03\/foto-deso-informe-5-870x570.jpeg\" \/><\/a><\/div><div class=\"ultp-block-content\"><h3 class=\"ultp-block-title \"><a href=\"https:\/\/agenciaunicom.com.br\/blog\/deso-reforcou-sistema-de-producao-de-agua-em-pirambu-e-garantiu-seguranca-hidrica-no-carnaval\/\" target=\"_blank\">Deso refor\u00e7ou sistema de produ\u00e7\u00e3o de \u00e1gua em Pirambu e garantiu seguran\u00e7a h\u00eddrica no Carnaval<\/a><\/h3><div class=\"ultp-block-excerpt\"><p>Perfura\u00e7\u00e3o de po\u00e7o em Lagoa Redonda, nova adutora e moderniza\u00e7\u00e3o da ETA elevaram volume de \u00e1gua de 7m\u00b3&hellip;<\/p>\n<\/div><div class=\"ultp-block-readmore\"><a aria-label=\"Deso refor\u00e7ou sistema de produ\u00e7\u00e3o de \u00e1gua em Pirambu e garantiu seguran\u00e7a h\u00eddrica no Carnaval\" href=\"https:\/\/agenciaunicom.com.br\/blog\/deso-reforcou-sistema-de-producao-de-agua-em-pirambu-e-garantiu-seguranca-hidrica-no-carnaval\/\" target=\"_blank\">Saiba mais<svg xmlns=\"http:\/\/www.w3.org\/2000\/svg\" fill=\"none\" viewBox=\"0 0 24 24\">\n  <path stroke=\"currentColor\" stroke-linecap=\"round\" stroke-linejoin=\"round\" stroke-width=\"1.5\" d=\"m12 20.5 8.5-8.5m0 0L12 3.5m8.5 8.5h-17\"\/>\n<\/svg>\n<\/a><\/div><\/div><\/div><\/div><div class=\"ultp-block-item post-id-1494\"><div class=\"ultp-block-content-wrap\"><div class=\"ultp-block-image ultp-block-image-zoomIn\"><a href=\"https:\/\/agenciaunicom.com.br\/blog\/deso-lanca-novo-site-com-foco-no-cidadao-e-modernizacao-dos-servicos\/\" target=\"_blank\"><img decoding=\"async\"  class=\"ultp-block-image-content\"  alt=\"Deso lan\u00e7a novo site com foco no cidad\u00e3o e moderniza\u00e7\u00e3o dos servi\u00e7os\"  src=\"https:\/\/agenciaunicom.com.br\/blog\/wp-content\/uploads\/2026\/02\/foto-deso-informe-4-870x570.jpeg\" \/><\/a><\/div><div class=\"ultp-block-content\"><h3 class=\"ultp-block-title \"><a href=\"https:\/\/agenciaunicom.com.br\/blog\/deso-lanca-novo-site-com-foco-no-cidadao-e-modernizacao-dos-servicos\/\" target=\"_blank\">Deso lan\u00e7a novo site com foco no cidad\u00e3o e moderniza\u00e7\u00e3o dos servi\u00e7os<\/a><\/h3><div class=\"ultp-block-excerpt\"><p>Nova plataforma consolida avan\u00e7os estruturais da Tecnologia da Informa\u00e7\u00e3o e amplia a transpar\u00eancia institucional. A Companhia de Saneamento&hellip;<\/p>\n<\/div><div class=\"ultp-block-readmore\"><a aria-label=\"Deso lan\u00e7a novo site com foco no cidad\u00e3o e moderniza\u00e7\u00e3o dos servi\u00e7os\" href=\"https:\/\/agenciaunicom.com.br\/blog\/deso-lanca-novo-site-com-foco-no-cidadao-e-modernizacao-dos-servicos\/\" target=\"_blank\">Saiba mais<svg xmlns=\"http:\/\/www.w3.org\/2000\/svg\" fill=\"none\" viewBox=\"0 0 24 24\">\n  <path stroke=\"currentColor\" stroke-linecap=\"round\" stroke-linejoin=\"round\" stroke-width=\"1.5\" d=\"m12 20.5 8.5-8.5m0 0L12 3.5m8.5 8.5h-17\"\/>\n<\/svg>\n<\/a><\/div><\/div><\/div><\/div><\/div><\/div><div class=\"pagination-block-html\" aria-hidden=\"true\" style=\"display: none;\"><\/div><\/div>\n\n\n<div class=\"wp-block-columns is-layout-flex wp-container-core-columns-is-layout-9d6595d7 wp-block-columns-is-layout-flex\">\n<div class=\"wp-block-column is-layout-flow wp-block-column-is-layout-flow\" style=\"flex-basis:70%\">\n<style>\n.tdc-row.td-stretch-content, .tdc-row-composer.td-stretch-content {\n    display: none;\n}\n.tdc-footer-wrap {\n    display: none;\n}\n.whatsapp-flutuante{\ndisplay: none;\n}\nhtml.td-md-is-chrome {\n    overflow: hidden;\n}\n.ultp-block-image.ultp-block-image-zoomIn img {\n    -webkit-transform: scale(1);\n    transform: scale(1);\n    width: 100%;\n    height: 250px;\n}\n@media (min-width: 320px) and (max-width: 640px){\n.wp-block-ultimate-post-post-grid-1 .ultp-block-row.ultp-block-items-wrap, .wp-block-ultimate-post-post-grid-3 .ultp-block-row.ultp-block-items-wrap {\n    grid-template-columns: repeat(1,1fr) !important;\n}\n.td-header-mobile-wrap {\n    position: relative;\n    width: 100%;\n    display: none;\n}\nhtml.td-md-is-chrome {\n    overflow: hidden;\n}\n.td-md-is-ios body {\n    -webkit-font-smoothing: antialiased;\n    overflow: hidden;\n}\n}\n<\/style>\n<\/div>\n\n\n\n<div class=\"wp-block-column is-layout-flow wp-block-column-is-layout-flow\" style=\"flex-basis:30%\"><\/div>\n<\/div>\n","protected":false},"excerpt":{"rendered":"","protected":false},"author":1,"featured_media":0,"parent":0,"menu_order":0,"comment_status":"closed","ping_status":"closed","template":"ultp_page_template","meta":{"om_disable_all_campaigns":false,"footnotes":""},"class_list":["post-347","page","type-page","status-publish"],"_links":{"self":[{"href":"https:\/\/agenciaunicom.com.br\/blog\/wp-json\/wp\/v2\/pages\/347","targetHints":{"allow":["GET"]}}],"collection":[{"href":"https:\/\/agenciaunicom.com.br\/blog\/wp-json\/wp\/v2\/pages"}],"about":[{"href":"https:\/\/agenciaunicom.com.br\/blog\/wp-json\/wp\/v2\/types\/page"}],"author":[{"embeddable":true,"href":"https:\/\/agenciaunicom.com.br\/blog\/wp-json\/wp\/v2\/users\/1"}],"replies":[{"embeddable":true,"href":"https:\/\/agenciaunicom.com.br\/blog\/wp-json\/wp\/v2\/comments?post=347"}],"version-history":[{"count":44,"href":"https:\/\/agenciaunicom.com.br\/blog\/wp-json\/wp\/v2\/pages\/347\/revisions"}],"predecessor-version":[{"id":413,"href":"https:\/\/agenciaunicom.com.br\/blog\/wp-json\/wp\/v2\/pages\/347\/revisions\/413"}],"wp:attachment":[{"href":"https:\/\/agenciaunicom.com.br\/blog\/wp-json\/wp\/v2\/media?parent=347"}],"curies":[{"name":"wp","href":"https:\/\/api.w.org\/{rel}","templated":true}]}}